{"id":2295,"date":"2024-09-22T10:05:49","date_gmt":"2024-09-22T08:05:49","guid":{"rendered":"https:\/\/giuggi.shop\/?post_type=product&#038;p=2295"},"modified":"2026-04-29T09:10:55","modified_gmt":"2026-04-29T07:10:55","slug":"fasciatoio-da-viaggio","status":"publish","type":"product","link":"https:\/\/giuggi.shop\/?product=fasciatoio-da-viaggio","title":{"rendered":"Fasciatoio da Viaggio"},"content":{"rendered":"<p>Il fasciatoio da viaggio \u00e8 un accessorio comodo e pratico per i genitori, soprattutto quando si \u00e8 fuori casa.<\/p>\n<p>\u00c9 realizzato in cotone o mussola di cotone e spugna di bamb\u00f9 o spugna sanitaria impermeabile.<\/p>\n<p>All\u2019interno \u00e8 presente un leggero strato di imbottitura per garantire il massimo comfort al vostro bambino.<\/p>\n<p>Misura 83cmx56cm<\/p>\n<p>Lavaggio Delicato. 30\u00b0 programma di lavaggio delicato. No Asciugatrice<\/p>\n<h3><b>\u23f3 <\/b><\/h3>\n<h3><b>Tempi di Creazione e Spedizione \u2013 Importante da Leggere!<\/b><\/h3>\n<p>&nbsp;<\/p>\n<p class=\"p3\">Tutti i prodotti presenti nel mio shop sono realizzati <span class=\"s2\"><b>interamente a mano e su ordinazione<\/b><\/span>, con cura e attenzione ai dettagli.<\/p>\n<p class=\"p3\"><span class=\"s2\"><b>Essendo sola a gestire ogni fase del lavoro<\/b><\/span>, dalla progettazione al confezionamento, i tempi di realizzazione sono necessariamente lunghi.<\/p>\n<p class=\"p4\"><span class=\"s3\">\ud83e\udea1 <\/span><b>La spedizione non avverr\u00e0 prima di 60 giorni dalla conferma dell\u2019ordine.<\/b><b><\/b><\/p>\n<p class=\"p3\">Questo tempo \u00e8 necessario per garantire la qualit\u00e0 artigianale che contraddistingue ogni creazione. In alcuni casi, potrebbero esserci <span class=\"s2\"><b>ulteriori slittamenti<\/b><\/span> dovuti a ritardi nella consegna dei materiali da parte dei miei fornitori di stoffe e accessori, su cui purtroppo non ho controllo.<\/p>\n<p class=\"p3\">Vi ringrazio per la pazienza e la fiducia: ogni pezzo che riceverete \u00e8 frutto di passione, dedizione e tanto lavoro fatto con il cuore. \ud83d\udc9b<\/p>\n","protected":false},"excerpt":{"rendered":"<p>Il fasciatoio da viaggio \u00e8 un accessorio comodo e pratico per i genitori, soprattutto quando si \u00e8 fuori casa. \u00c9 realizzato in cotone o mussola di cotone e spugna di bamb\u00f9 o spugna sanitaria impermeabile. All\u2019interno \u00e8 presente un leggero strato di imbottitura per garantire il massimo comfort al vostro bambino. Misura 83cmx56cm Lavaggio Delicato. [&hellip;]<\/p>\n","protected":false},"featured_media":4786,"template":"","meta":[],"product_brand":[],"product_cat":[15],"product_tag":[1467],"giftcard-category":[],"class_list":{"0":"post-2295","1":"product","2":"type-product","3":"status-publish","4":"has-post-thumbnail","6":"product_cat-accessori","7":"product_tag-shop","8":"pa_stoffa-k171-mussola","10":"first","11":"instock","12":"shipping-taxable","13":"purchasable","14":"product-type-simple"},"aioseo_notices":[],"jetpack_sharing_enabled":true,"tiered_pricing_type":"fixed","tiered_pricing_fixed_rules":[],"tiered_pricing_product_settings":{"layout":"default","base_unit_name":{"singular":null,"plural":null},"default_variation":null},"tiered_pricing_minimum_quantity":null,"tiered_pricing_roles_data":[],"tiered_pricing_percentage_rules":[],"_links":{"self":[{"href":"https:\/\/giuggi.shop\/index.php?rest_route=\/wp\/v2\/product\/2295","targetHints":{"allow":["GET"]}}],"collection":[{"href":"https:\/\/giuggi.shop\/index.php?rest_route=\/wp\/v2\/product"}],"about":[{"href":"https:\/\/giuggi.shop\/index.php?rest_route=\/wp\/v2\/types\/product"}],"wp:featuredmedia":[{"embeddable":true,"href":"https:\/\/giuggi.shop\/index.php?rest_route=\/wp\/v2\/media\/4786"}],"wp:attachment":[{"href":"https:\/\/giuggi.shop\/index.php?rest_route=%2Fwp%2Fv2%2Fmedia&parent=2295"}],"wp:term":[{"taxonomy":"product_brand","embeddable":true,"href":"https:\/\/giuggi.shop\/index.php?rest_route=%2Fwp%2Fv2%2Fproduct_brand&post=2295"},{"taxonomy":"product_cat","embeddable":true,"href":"https:\/\/giuggi.shop\/index.php?rest_route=%2Fwp%2Fv2%2Fproduct_cat&post=2295"},{"taxonomy":"product_tag","embeddable":true,"href":"https:\/\/giuggi.shop\/index.php?rest_route=%2Fwp%2Fv2%2Fproduct_tag&post=2295"},{"taxonomy":"giftcard-category","embeddable":true,"href":"https:\/\/giuggi.shop\/index.php?rest_route=%2Fwp%2Fv2%2Fgiftcard-category&post=2295"}],"curies":[{"name":"wp","href":"https:\/\/api.w.org\/{rel}","templated":true}]}}