{"id":6188,"date":"2024-09-08T16:29:58","date_gmt":"2024-09-08T14:29:58","guid":{"rendered":"https:\/\/giuggi.shop\/?post_type=product&#038;p=6188"},"modified":"2026-03-23T18:14:35","modified_gmt":"2026-03-23T16:14:35","slug":"ordine-prioritario","status":"publish","type":"product","link":"https:\/\/giuggi.shop\/?product=ordine-prioritario","title":{"rendered":"Ordine Prioritario"},"content":{"rendered":"<blockquote><p><strong>Acquistando questo servizio il tuo ordine passer\u00e0 in <span class=\"s1\">priorit\u00e0<\/span> e verr\u00e0 elaborato <span class=\"s1\">pi\u00f9 velocemente<\/span> rispetto agli altri.<\/strong><\/p><\/blockquote>\n","protected":false},"excerpt":{"rendered":"<p>Acquistando questo servizio il tuo ordine passer\u00e0 in priorit\u00e0 e verr\u00e0 elaborato pi\u00f9 velocemente rispetto agli altri.<\/p>\n","protected":false},"featured_media":6196,"template":"","meta":[],"product_brand":[],"product_cat":[155],"product_tag":[161,1467],"giftcard-category":[],"class_list":{"0":"post-6188","1":"product","2":"type-product","3":"status-publish","4":"has-post-thumbnail","6":"product_cat-servizi","7":"product_tag-altro","8":"product_tag-shop","10":"first","11":"instock","12":"virtual","13":"sold-individually","14":"purchasable","15":"product-type-simple"},"aioseo_notices":[],"jetpack_sharing_enabled":true,"tiered_pricing_type":"fixed","tiered_pricing_fixed_rules":[],"tiered_pricing_product_settings":{"layout":"default","base_unit_name":{"singular":null,"plural":null},"default_variation":null},"tiered_pricing_minimum_quantity":null,"tiered_pricing_roles_data":[],"tiered_pricing_percentage_rules":[],"_links":{"self":[{"href":"https:\/\/giuggi.shop\/index.php?rest_route=\/wp\/v2\/product\/6188","targetHints":{"allow":["GET"]}}],"collection":[{"href":"https:\/\/giuggi.shop\/index.php?rest_route=\/wp\/v2\/product"}],"about":[{"href":"https:\/\/giuggi.shop\/index.php?rest_route=\/wp\/v2\/types\/product"}],"wp:featuredmedia":[{"embeddable":true,"href":"https:\/\/giuggi.shop\/index.php?rest_route=\/wp\/v2\/media\/6196"}],"wp:attachment":[{"href":"https:\/\/giuggi.shop\/index.php?rest_route=%2Fwp%2Fv2%2Fmedia&parent=6188"}],"wp:term":[{"taxonomy":"product_brand","embeddable":true,"href":"https:\/\/giuggi.shop\/index.php?rest_route=%2Fwp%2Fv2%2Fproduct_brand&post=6188"},{"taxonomy":"product_cat","embeddable":true,"href":"https:\/\/giuggi.shop\/index.php?rest_route=%2Fwp%2Fv2%2Fproduct_cat&post=6188"},{"taxonomy":"product_tag","embeddable":true,"href":"https:\/\/giuggi.shop\/index.php?rest_route=%2Fwp%2Fv2%2Fproduct_tag&post=6188"},{"taxonomy":"giftcard-category","embeddable":true,"href":"https:\/\/giuggi.shop\/index.php?rest_route=%2Fwp%2Fv2%2Fgiftcard-category&post=6188"}],"curies":[{"name":"wp","href":"https:\/\/api.w.org\/{rel}","templated":true}]}}